{"id":320,"date":"2024-04-20T17:57:42","date_gmt":"2024-04-20T15:57:42","guid":{"rendered":"https:\/\/padelporec.com\/kontakt\/"},"modified":"2024-08-19T10:32:24","modified_gmt":"2024-08-19T08:32:24","slug":"contact","status":"publish","type":"page","link":"https:\/\/padelporec.com\/hr\/contact\/","title":{"rendered":"Kontakt"},"content":{"rendered":"<p>[et_pb_section fb_built=&#8221;1&#8243; _builder_version=&#8221;4.25.0&#8243; _module_preset=&#8221;default&#8221; use_background_color_gradient=&#8221;on&#8221; background_color_gradient_stops=&#8221;rgba(0,0,10,0.6) 0%|rgba(0,0,10,0.6) 100%&#8221; background_color_gradient_overlays_image=&#8221;on&#8221; background_image=&#8221;http:\/\/padelporec.com\/wp-content\/uploads\/2024\/04\/AdobeStock_221410427.png&#8221; min_height=&#8221;907px&#8221; min_height_tablet=&#8221;805px&#8221; min_height_phone=&#8221;613px&#8221; min_height_last_edited=&#8221;on|phone&#8221; background_last_edited=&#8221;on|phone&#8221; parallax_phone=&#8221;off&#8221; parallax_method_phone=&#8221;off&#8221; background_position_phone=&#8221;top_center&#8221; global_colors_info=&#8221;{}&#8221;][et_pb_row column_structure=&#8221;1_2,1_2&#8243; _builder_version=&#8221;4.25.0&#8243; _module_preset=&#8221;default&#8221; custom_margin=&#8221;315px|auto||auto||&#8221; custom_margin_tablet=&#8221;274px||||false|false&#8221; custom_margin_phone=&#8221;218px||||false|false&#8221; custom_margin_last_edited=&#8221;on|phone&#8221; global_colors_info=&#8221;{}&#8221;][et_pb_column type=&#8221;1_2&#8243; _builder_version=&#8221;4.24.3&#8243; _module_preset=&#8221;default&#8221; global_colors_info=&#8221;{}&#8221;][et_pb_text _builder_version=&#8221;4.25.0&#8243; _module_preset=&#8221;default&#8221; text_text_color=&#8221;#FFFFFF&#8221; text_font_size=&#8221;20px&#8221; custom_margin=&#8221;0px||0px||false|false&#8221; custom_padding=&#8221;0px||||false|false&#8221; animation_style=&#8221;slide&#8221; animation_direction=&#8221;top&#8221; animation_duration=&#8221;1500ms&#8221; animation_intensity_slide=&#8221;30%&#8221; text_font_size_tablet=&#8221;20px&#8221; text_font_size_phone=&#8221;17px&#8221; text_font_size_last_edited=&#8221;on|phone&#8221; global_colors_info=&#8221;{}&#8221;]<\/p>\n<p>Vi\u0161e od samo igre.<\/p>\n<p>[\/et_pb_text][et_pb_text _builder_version=&#8221;4.25.0&#8243; _module_preset=&#8221;default&#8221; text_text_color=&#8221;#FFFFFF&#8221; text_font_size=&#8221;20px&#8221; header_text_color=&#8221;#FFFFFF&#8221; header_font_size=&#8221;79px&#8221; custom_margin=&#8221;0px||||false|false&#8221; custom_padding=&#8221;0px||||false|false&#8221; custom_padding_tablet=&#8221;0px|13px|||false|false&#8221; custom_padding_phone=&#8221;|0px|||false|false&#8221; custom_padding_last_edited=&#8221;on|desktop&#8221; animation_style=&#8221;slide&#8221; animation_direction=&#8221;bottom&#8221; animation_delay=&#8221;300ms&#8221; animation_intensity_slide=&#8221;7%&#8221; header_font_size_tablet=&#8221;79px&#8221; header_font_size_phone=&#8221;53px&#8221; header_font_size_last_edited=&#8221;on|phone&#8221; global_colors_info=&#8221;{}&#8221;]<\/p>\n<h1>Ostavite nam poruku.<\/h1>\n<p>&nbsp;<\/p>\n<p>[\/et_pb_text][\/et_pb_column][et_pb_column type=&#8221;1_2&#8243; _builder_version=&#8221;4.24.3&#8243; _module_preset=&#8221;default&#8221; global_colors_info=&#8221;{}&#8221;][dsm_contact_form_7 _builder_version=&#8221;4.25.0&#8243; _module_preset=&#8221;default&#8221; cf7_library=&#8221;255&#8243; background_color=&#8221;RGBA(255,255,255,0)&#8221; input_background_color=&#8221;rgba(255,255,255,0.32)&#8221; input_textarea_select_text_color=&#8221;#FFFFFF&#8221; border_radii_image=&#8221;on|29px|29px|29px|29px&#8221; custom_button_one=&#8221;on&#8221; button_one_text_color=&#8221;#FFFFFF&#8221; button_one_bg_color=&#8221;gcid-ee5baca1-8883-47fa-a650-b91aa897b6f7&#8243; button_one_bg_enable_color=&#8221;on&#8221; global_colors_info=&#8221;{%22gcid-ee5baca1-8883-47fa-a650-b91aa897b6f7%22:%91%22button_one_bg_color%22%93}&#8221; button_one_border_width=&#8221;0px&#8221; button_one_border_radius=&#8221;20px&#8221; hover_enabled=&#8221;0&#8243; sticky_enabled=&#8221;0&#8243; placeholder_text_color=&#8221;#FFFFFF&#8221; border_width_all_validation_success=&#8221;0px&#8221; success_validation_text_color=&#8221;#7DA940&#8243; success_validation_font_size=&#8221;24px&#8221; success_validation_font=&#8221;||||||||&#8221; border_width_all_error_validation=&#8221;0px&#8221; validation_error_background_color=&#8221;RGBA(255,255,255,0)&#8221; error_validation_text_color=&#8221;#ff5b5b&#8221; error_msg_font_size=&#8221;16px&#8221; success_validation_line_height=&#8221;30px&#8221; button_one_font=&#8221;|||on|||||&#8221; button_one_use_icon=&#8221;off&#8221;][\/dsm_contact_form_7][\/et_pb_column][\/et_pb_row][\/et_pb_section][et_pb_section fb_built=&#8221;1&#8243; fullwidth=&#8221;on&#8221; _builder_version=&#8221;4.25.0&#8243; _module_preset=&#8221;default&#8221; global_colors_info=&#8221;{}&#8221;][et_pb_fullwidth_map google_api_key=&#8221;AIzaSyBKvoMCQsP7PIeubAYCsoq1YZtdksrmFKo&#8221; address=&#8221;\u017d5002 Glavna cesta Pore\u010d &#8211; Tar, 52440, Pore\u010d, Kroatien&#8221; zoom_level=&#8221;12&#8243; address_lat=&#8221;45.267703236138&#8243; address_lng=&#8221;13.612635194629&#8243; _builder_version=&#8221;4.25.0&#8243; _module_preset=&#8221;default&#8221; height=&#8221;706px&#8221; filter_hue_rotate=&#8221;85deg&#8221; child_filter_saturate=&#8221;0%&#8221; global_colors_info=&#8221;{}&#8221;][et_pb_map_pin title=&#8221;Padel Pore\u010d&#8221; pin_address=&#8221;\u017d5002 Glavna cesta Pore\u010d &#8211; Tar, 52440, Pore\u010d, Kroatien&#8221; pin_address_lat=&#8221;45.2793381&#8243; pin_address_lng=&#8221;13.6232782&#8243; _builder_version=&#8221;4.25.0&#8243; _module_preset=&#8221;default&#8221; global_colors_info=&#8221;{}&#8221;][\/et_pb_map_pin][\/et_pb_fullwidth_map][\/et_pb_section]<\/p>\n","protected":false},"excerpt":{"rendered":"<p>Vi\u0161e od samo igre.Ostavite nam poruku. &nbsp;<div class=\"et_pb_with_border et_pb_module dsm_contact_form_7 dsm_contact_form_7_0\">\n\t\t\t\t\n\t\t\t\t\n\t\t\t\t\n\t\t\t\t\n\t\t\t\t\n\t\t\t\t\n\t\t\t\t<div class=\"et_pb_module_inner\">\n\t\t\t\t\t<div class=\"\">\n\t\t\t\t\n<div class=\"wpcf7 no-js\" id=\"wpcf7-f255-o1\" lang=\"en-US\" dir=\"ltr\" data-wpcf7-id=\"255\">\n<div class=\"screen-reader-response\"><p role=\"status\" aria-live=\"polite\" aria-atomic=\"true\"><\/p> <ul><\/ul><\/div>\n<form action=\"\/hr\/wp-json\/wp\/v2\/pages\/320#wpcf7-f255-o1\" method=\"post\" class=\"wpcf7-form init\" aria-label=\"Contact form\" novalidate=\"novalidate\" data-status=\"init\">\n<div style=\"display: none;\">\n<input type=\"hidden\" name=\"_wpcf7\" value=\"255\" \/>\n<input type=\"hidden\" name=\"_wpcf7_version\" value=\"6.0.3\" \/>\n<input type=\"hidden\" name=\"_wpcf7_locale\" value=\"en_US\" \/>\n<input type=\"hidden\" name=\"_wpcf7_unit_tag\" value=\"wpcf7-f255-o1\" \/>\n<input type=\"hidden\" name=\"_wpcf7_container_post\" value=\"0\" \/>\n<input type=\"hidden\" name=\"_wpcf7_posted_data_hash\" value=\"\" \/>\n<\/div>\n<p><span class=\"wpcf7-form-control-wrap\" data-name=\"email\"><input size=\"40\" maxlength=\"400\" class=\"wpcf7-form-control wpcf7-email wpcf7-validates-as-required wpcf7-text wpcf7-validates-as-email\" aria-required=\"true\" aria-invalid=\"false\" placeholder=\"E-mail*\" value=\"\" type=\"email\" name=\"email\" \/><\/span><br \/>\n<span class=\"wpcf7-form-control-wrap\" data-name=\"customername\"><input size=\"40\" maxlength=\"400\" class=\"wpcf7-form-control wpcf7-text wpcf7-validates-as-required\" aria-required=\"true\" aria-invalid=\"false\" placeholder=\"Name*\" value=\"\" type=\"text\" name=\"customername\" \/><\/span><br \/>\n<span class=\"wpcf7-form-control-wrap\" data-name=\"message\"><textarea cols=\"40\" rows=\"10\" maxlength=\"2000\" class=\"wpcf7-form-control wpcf7-textarea wpcf7-validates-as-required\" aria-required=\"true\" aria-invalid=\"false\" placeholder=\"Message\" name=\"message\"><\/textarea><\/span>\n<\/p>\n<p><button class=\"wpcf7-form-control wpcf7-submit has-spinner et_pb_button et_pb_bg_layout_light\" type=\"submit\" value=\"Send us a Message\">Send us a Message<\/button>\n<\/p><div class=\"wpcf7-response-output\" aria-hidden=\"true\"><\/div>\n<\/form>\n<\/div>\n\n\t\t\t<\/div>\n\t\t\t\t<\/div>\n\t\t\t<\/div><\/p>\n","protected":false},"author":1,"featured_media":0,"parent":0,"menu_order":0,"comment_status":"closed","ping_status":"closed","template":"","meta":{"_et_pb_use_builder":"on","_et_pb_old_content":"","_et_gb_content_width":"","footnotes":""},"class_list":["post-320","page","type-page","status-publish","hentry"],"_links":{"self":[{"href":"https:\/\/padelporec.com\/hr\/wp-json\/wp\/v2\/pages\/320","targetHints":{"allow":["GET"]}}],"collection":[{"href":"https:\/\/padelporec.com\/hr\/wp-json\/wp\/v2\/pages"}],"about":[{"href":"https:\/\/padelporec.com\/hr\/wp-json\/wp\/v2\/types\/page"}],"author":[{"embeddable":true,"href":"https:\/\/padelporec.com\/hr\/wp-json\/wp\/v2\/users\/1"}],"replies":[{"embeddable":true,"href":"https:\/\/padelporec.com\/hr\/wp-json\/wp\/v2\/comments?post=320"}],"version-history":[{"count":4,"href":"https:\/\/padelporec.com\/hr\/wp-json\/wp\/v2\/pages\/320\/revisions"}],"predecessor-version":[{"id":324,"href":"https:\/\/padelporec.com\/hr\/wp-json\/wp\/v2\/pages\/320\/revisions\/324"}],"wp:attachment":[{"href":"https:\/\/padelporec.com\/hr\/wp-json\/wp\/v2\/media?parent=320"}],"curies":[{"name":"wp","href":"https:\/\/api.w.org\/{rel}","templated":true}]}}