{"id":402,"date":"2024-04-20T17:57:42","date_gmt":"2024-04-20T15:57:42","guid":{"rendered":"https:\/\/padelporec.com\/kontakt\/"},"modified":"2024-08-19T10:31:56","modified_gmt":"2024-08-19T08:31:56","slug":"contact","status":"publish","type":"page","link":"https:\/\/padelporec.com\/de\/contact\/","title":{"rendered":"Kontakt"},"content":{"rendered":"<p>[et_pb_section fb_built=&#8220;1&#8243; _builder_version=&#8220;4.25.0&#8243; _module_preset=&#8220;default&#8220; use_background_color_gradient=&#8220;on&#8220; background_color_gradient_stops=&#8220;rgba(0,0,10,0.6) 0%|rgba(0,0,10,0.6) 100%&#8220; background_color_gradient_overlays_image=&#8220;on&#8220; background_image=&#8220;http:\/\/padelporec.com\/wp-content\/uploads\/2024\/04\/AdobeStock_221410427.png&#8220; min_height=&#8220;907px&#8220; min_height_tablet=&#8220;805px&#8220; min_height_phone=&#8220;613px&#8220; min_height_last_edited=&#8220;on|phone&#8220; background_last_edited=&#8220;on|phone&#8220; parallax_phone=&#8220;off&#8220; parallax_method_phone=&#8220;off&#8220; background_position_phone=&#8220;top_center&#8220; global_colors_info=&#8220;{}&#8220;][et_pb_row column_structure=&#8220;1_2,1_2&#8243; _builder_version=&#8220;4.25.0&#8243; _module_preset=&#8220;default&#8220; custom_margin=&#8220;315px|auto||auto||&#8220; custom_margin_tablet=&#8220;274px||||false|false&#8220; custom_margin_phone=&#8220;218px||||false|false&#8220; custom_margin_last_edited=&#8220;on|phone&#8220; global_colors_info=&#8220;{}&#8220;][et_pb_column type=&#8220;1_2&#8243; _builder_version=&#8220;4.24.3&#8243; _module_preset=&#8220;default&#8220; global_colors_info=&#8220;{}&#8220;][et_pb_text _builder_version=&#8220;4.25.0&#8243; _module_preset=&#8220;default&#8220; text_text_color=&#8220;#FFFFFF&#8220; text_font_size=&#8220;20px&#8220; custom_margin=&#8220;0px||0px||false|false&#8220; custom_padding=&#8220;0px||||false|false&#8220; animation_style=&#8220;slide&#8220; animation_direction=&#8220;top&#8220; animation_duration=&#8220;1500ms&#8220; animation_intensity_slide=&#8220;30%&#8220; text_font_size_tablet=&#8220;20px&#8220; text_font_size_phone=&#8220;17px&#8220; text_font_size_last_edited=&#8220;on|phone&#8220; global_colors_info=&#8220;{}&#8220;]<\/p>\n<p>Beyond just a game.<\/p>\n<p>[\/et_pb_text][et_pb_text _builder_version=&#8220;4.25.0&#8243; _module_preset=&#8220;default&#8220; text_text_color=&#8220;#FFFFFF&#8220; text_font_size=&#8220;20px&#8220; header_text_color=&#8220;#FFFFFF&#8220; header_font_size=&#8220;79px&#8220; custom_margin=&#8220;0px||||false|false&#8220; custom_padding=&#8220;0px||||false|false&#8220; custom_padding_tablet=&#8220;0px|13px|||false|false&#8220; custom_padding_phone=&#8220;|0px|||false|false&#8220; custom_padding_last_edited=&#8220;on|desktop&#8220; animation_style=&#8220;slide&#8220; animation_direction=&#8220;bottom&#8220; animation_delay=&#8220;300ms&#8220; animation_intensity_slide=&#8220;7%&#8220; header_font_size_tablet=&#8220;79px&#8220; header_font_size_phone=&#8220;53px&#8220; header_font_size_last_edited=&#8220;on|phone&#8220; global_colors_info=&#8220;{}&#8220;]<\/p>\n<h1>Hinterlassen Sie uns eine Nachricht.<\/h1>\n<p>&nbsp;<\/p>\n<p>[\/et_pb_text][\/et_pb_column][et_pb_column type=&#8220;1_2&#8243; _builder_version=&#8220;4.24.3&#8243; _module_preset=&#8220;default&#8220; global_colors_info=&#8220;{}&#8220;][dsm_contact_form_7 _builder_version=&#8220;4.25.0&#8243; _module_preset=&#8220;default&#8220; cf7_library=&#8220;255&#8243; background_color=&#8220;RGBA(255,255,255,0)&#8220; input_background_color=&#8220;rgba(255,255,255,0.32)&#8220; input_textarea_select_text_color=&#8220;#FFFFFF&#8220; border_radii_image=&#8220;on|29px|29px|29px|29px&#8220; custom_button_one=&#8220;on&#8220; button_one_text_color=&#8220;#FFFFFF&#8220; button_one_bg_color=&#8220;gcid-ee5baca1-8883-47fa-a650-b91aa897b6f7&#8243; button_one_bg_enable_color=&#8220;on&#8220; global_colors_info=&#8220;{%22gcid-ee5baca1-8883-47fa-a650-b91aa897b6f7%22:%91%22button_one_bg_color%22%93}&#8220; button_one_border_width=&#8220;0px&#8220; button_one_border_radius=&#8220;20px&#8220; hover_enabled=&#8220;0&#8243; sticky_enabled=&#8220;0&#8243; placeholder_text_color=&#8220;#FFFFFF&#8220; border_width_all_validation_success=&#8220;0px&#8220; success_validation_text_color=&#8220;#7DA940&#8243; success_validation_font_size=&#8220;24px&#8220; success_validation_font=&#8220;||||||||&#8220; border_width_all_error_validation=&#8220;0px&#8220; validation_error_background_color=&#8220;RGBA(255,255,255,0)&#8220; error_validation_text_color=&#8220;#ff5b5b&#8220; error_msg_font_size=&#8220;16px&#8220; success_validation_line_height=&#8220;30px&#8220; button_one_font=&#8220;|||on|||||&#8220; button_one_use_icon=&#8220;off&#8220;][\/dsm_contact_form_7][\/et_pb_column][\/et_pb_row][\/et_pb_section][et_pb_section fb_built=&#8220;1&#8243; fullwidth=&#8220;on&#8220; _builder_version=&#8220;4.25.0&#8243; _module_preset=&#8220;default&#8220; global_colors_info=&#8220;{}&#8220;][et_pb_fullwidth_map google_api_key=&#8220;AIzaSyBKvoMCQsP7PIeubAYCsoq1YZtdksrmFKo&#8220; address=&#8220;\u017d5002 Glavna cesta Pore\u010d &#8211; Tar, 52440, Pore\u010d, Kroatien&#8220; zoom_level=&#8220;12&#8243; address_lat=&#8220;45.267703236138&#8243; address_lng=&#8220;13.612635194629&#8243; _builder_version=&#8220;4.25.0&#8243; _module_preset=&#8220;default&#8220; height=&#8220;706px&#8220; filter_hue_rotate=&#8220;85deg&#8220; child_filter_saturate=&#8220;0%&#8220; global_colors_info=&#8220;{}&#8220;][et_pb_map_pin title=&#8220;Padel Porec&#8220; pin_address=&#8220;\u017d5002 Glavna cesta Pore\u010d &#8211; Tar, 52440, Pore\u010d, Kroatien&#8220; pin_address_lat=&#8220;45.2793381&#8243; pin_address_lng=&#8220;13.6232782&#8243; _builder_version=&#8220;4.25.0&#8243; _module_preset=&#8220;default&#8220; global_colors_info=&#8220;{}&#8220;][\/et_pb_map_pin][\/et_pb_fullwidth_map][\/et_pb_section]<\/p>\n","protected":false},"excerpt":{"rendered":"<p>Beyond just a game.Hinterlassen Sie uns eine Nachricht. &nbsp;<div class=\"et_pb_with_border et_pb_module dsm_contact_form_7 dsm_contact_form_7_0\">\n\t\t\t\t\n\t\t\t\t\n\t\t\t\t\n\t\t\t\t\n\t\t\t\t\n\t\t\t\t\n\t\t\t\t<div class=\"et_pb_module_inner\">\n\t\t\t\t\t<div class=\"\">\n\t\t\t\t\n<div class=\"wpcf7 no-js\" id=\"wpcf7-f459-o1\" lang=\"de-DE\" dir=\"ltr\" data-wpcf7-id=\"459\">\n<div class=\"screen-reader-response\"><p role=\"status\" aria-live=\"polite\" aria-atomic=\"true\"><\/p> <ul><\/ul><\/div>\n<form action=\"\/de\/wp-json\/wp\/v2\/pages\/402#wpcf7-f459-o1\" method=\"post\" class=\"wpcf7-form init\" aria-label=\"Kontaktformular\" novalidate=\"novalidate\" data-status=\"init\">\n<div style=\"display: none;\">\n<input type=\"hidden\" name=\"_wpcf7\" value=\"459\" \/>\n<input type=\"hidden\" name=\"_wpcf7_version\" value=\"6.0.3\" \/>\n<input type=\"hidden\" name=\"_wpcf7_locale\" value=\"de_DE\" \/>\n<input type=\"hidden\" name=\"_wpcf7_unit_tag\" value=\"wpcf7-f459-o1\" \/>\n<input type=\"hidden\" name=\"_wpcf7_container_post\" value=\"0\" \/>\n<input type=\"hidden\" name=\"_wpcf7_posted_data_hash\" value=\"\" \/>\n<\/div>\n<p><span class=\"wpcf7-form-control-wrap\" data-name=\"email\"><input size=\"40\" maxlength=\"400\" class=\"wpcf7-form-control wpcf7-email wpcf7-validates-as-required wpcf7-text wpcf7-validates-as-email\" aria-required=\"true\" aria-invalid=\"false\" placeholder=\"E-mail*\" value=\"\" type=\"email\" name=\"email\" \/><\/span><br \/>\n<span class=\"wpcf7-form-control-wrap\" data-name=\"customername\"><input size=\"40\" maxlength=\"400\" class=\"wpcf7-form-control wpcf7-text wpcf7-validates-as-required\" aria-required=\"true\" aria-invalid=\"false\" placeholder=\"Name*\" value=\"\" type=\"text\" name=\"customername\" \/><\/span><br \/>\n<span class=\"wpcf7-form-control-wrap\" data-name=\"message\"><textarea cols=\"40\" rows=\"10\" maxlength=\"2000\" class=\"wpcf7-form-control wpcf7-textarea wpcf7-validates-as-required\" aria-required=\"true\" aria-invalid=\"false\" placeholder=\"Nachricht\" name=\"message\"><\/textarea><\/span>\n<\/p>\n<p><button class=\"wpcf7-form-control wpcf7-submit has-spinner et_pb_button et_pb_bg_layout_light\" type=\"submit\" value=\"Send us a Message\">Send us a Message<\/button>\n<\/p><div class=\"wpcf7-response-output\" aria-hidden=\"true\"><\/div>\n<\/form>\n<\/div>\n\n\t\t\t<\/div>\n\t\t\t\t<\/div>\n\t\t\t<\/div><\/p>\n","protected":false},"author":1,"featured_media":0,"parent":0,"menu_order":0,"comment_status":"closed","ping_status":"closed","template":"","meta":{"_et_pb_use_builder":"on","_et_pb_old_content":"","_et_gb_content_width":"","footnotes":""},"class_list":["post-402","page","type-page","status-publish","hentry"],"_links":{"self":[{"href":"https:\/\/padelporec.com\/de\/wp-json\/wp\/v2\/pages\/402","targetHints":{"allow":["GET"]}}],"collection":[{"href":"https:\/\/padelporec.com\/de\/wp-json\/wp\/v2\/pages"}],"about":[{"href":"https:\/\/padelporec.com\/de\/wp-json\/wp\/v2\/types\/page"}],"author":[{"embeddable":true,"href":"https:\/\/padelporec.com\/de\/wp-json\/wp\/v2\/users\/1"}],"replies":[{"embeddable":true,"href":"https:\/\/padelporec.com\/de\/wp-json\/wp\/v2\/comments?post=402"}],"version-history":[{"count":4,"href":"https:\/\/padelporec.com\/de\/wp-json\/wp\/v2\/pages\/402\/revisions"}],"predecessor-version":[{"id":419,"href":"https:\/\/padelporec.com\/de\/wp-json\/wp\/v2\/pages\/402\/revisions\/419"}],"wp:attachment":[{"href":"https:\/\/padelporec.com\/de\/wp-json\/wp\/v2\/media?parent=402"}],"curies":[{"name":"wp","href":"https:\/\/api.w.org\/{rel}","templated":true}]}}